{"id":328,"date":"2022-12-21T20:57:26","date_gmt":"2022-12-21T19:57:26","guid":{"rendered":"http:\/\/provencecobberdogs.fr\/?page_id=328"},"modified":"2026-01-25T19:01:08","modified_gmt":"2026-01-25T18:01:08","slug":"le-cobberdog-australien-est-un-amour-de-chien","status":"publish","type":"page","link":"https:\/\/provencecobberdogs.fr\/","title":{"rendered":"Le Cobberdog Australien est un Amour De Chien"},"content":{"rendered":"<p><img loading=\"lazy\" decoding=\"async\" data-ratio=\"192.308\" class=\"js-lazy-load alignright size-medium wp-image-4528\" data-src=\"http:\/\/provencecobberdogs.fr\/wp-content\/uploads\/2023\/02\/Sujet-156x300.jpeg\" alt=\"\" width=\"156\" height=\"300\" data-srcset=\"https:\/\/provencecobberdogs.fr\/wp-content\/uploads\/2023\/02\/Sujet-156x300.jpeg 156w, https:\/\/provencecobberdogs.fr\/wp-content\/uploads\/2023\/02\/Sujet-533x1024.jpeg 533w, https:\/\/provencecobberdogs.fr\/wp-content\/uploads\/2023\/02\/Sujet-768x1475.jpeg 768w, https:\/\/provencecobberdogs.fr\/wp-content\/uploads\/2023\/02\/Sujet-800x1536.jpeg 800w, https:\/\/provencecobberdogs.fr\/wp-content\/uploads\/2023\/02\/Sujet-1066x2048.jpeg 1066w, https:\/\/provencecobberdogs.fr\/wp-content\/uploads\/2023\/02\/Sujet-60x116.jpeg 60w, https:\/\/provencecobberdogs.fr\/wp-content\/uploads\/2023\/02\/Sujet-scaled.jpeg 1333w\" sizes=\"(max-width: 156px) 100vw, 156px\" \/>Quand nous avons eu notre premier Cobberdog Australien je suis tout de suite tomb\u00e9e amoureuse de cette race. Ils apportent tellement de joie et de bonheur !<\/p>\n<p>Tr\u00e8s gentils et proches de leurs ma\u00eetres, ils cherchent souvent votre regard. Ce sont d&#8217;excellents chiens de famille, joueurs \u00e0 l&#8217;ext\u00e9rieur, calmes et c\u00e2lins dans la maison. Ils nous font rire et nous consolent. &#8220;Cobber&#8221; veut dire meilleur ami !<br \/>\nLe &#8220;Australian Cobberdog&#8221; a \u00e9t\u00e9 cr\u00e9e en Australie pour permettre aux familles allergiques d&#8217;avoir un chien d&#8217;assistance ou de th\u00e9rapie. Ils sont intuitifs, intelligents et apprennent vite avec une bonne \u00e9ducation positive.<\/p>\n<p>Les Cobberdogs perdent peu ou pas leurs poils et n\u00e9cessitent un brossage et un toilettage r\u00e9gulier ainsi qu&#8217;un nettoyage des oreilles. Ce sont des chiens de compagnie qui aiment avant tout \u00eatre avec vous et qui n&#8217;aiment pas rester seuls longtemps.<\/p>\n<p>Le Cobberdog Australien existe en trois tailles (au garrot) :<br \/>\n33-42 cm &#8211; Small<br \/>\n42-51 cm &#8211; Medium<br \/>\n51-61 cm &#8211; Standard<\/p>\n<p>et dans une multitude de couleurs : Noir, marron, roux, gold, cr\u00e8me, blanc, gris, merle,&#8230; et bi- ou parfois tricolor. Certaines couleurs peuvent changer \u00e0 l&#8217;age adulte.<\/p>\n<p>Ils ont des yeux magnifiques, de longs cils et un regard\u00a0 qui t\u00e9moigne de leur gentillesse.<\/p>\n<p>Tous les Australian Cobberdogs sont enregistr\u00e9s aupr\u00e8s de la MDBA en Australie et re\u00e7oivent leur pedigree.<\/p>\n<div class=\"c-article__image c-loader o-ratio aligncenter\" style=\"--aspect-ratio: 100%; max-width: 300px;\"><img loading=\"lazy\" decoding=\"async\" data-ratio=\"100\" class=\"js-lazy-load alignnone size-medium wp-image-4422 aligncenter\" data-src=\"http:\/\/provencecobberdogs.fr\/wp-content\/uploads\/2020\/09\/IMG_4176-2-300x300.jpg\" alt=\"\" width=\"300\" height=\"300\" data-srcset=\"https:\/\/provencecobberdogs.fr\/wp-content\/uploads\/2020\/09\/IMG_4176-2-300x300.jpg 300w, https:\/\/provencecobberdogs.fr\/wp-content\/uploads\/2020\/09\/IMG_4176-2-150x150.jpg 150w, https:\/\/provencecobberdogs.fr\/wp-content\/uploads\/2020\/09\/IMG_4176-2-116x116.jpg 116w, https:\/\/provencecobberdogs.fr\/wp-content\/uploads\/2020\/09\/IMG_4176-2.jpg 643w\" sizes=\"(max-width: 300px) 100vw, 300px\" \/><\/div>\n<p>&nbsp;<\/p>\n<p><img loading=\"lazy\" decoding=\"async\" data-ratio=\"99.333\" class=\"js-lazy-load alignnone size-full wp-image-3837\" data-src=\"http:\/\/provencecobberdogs.fr\/wp-content\/uploads\/2015\/06\/MDBA_Logo_breeder_new.fw_-e1541513619168.png\" alt=\"\" width=\"150\" height=\"149\" \/><br \/>\nMembre de la MDBA<\/p>\n<p>provencecobberdogs@gmail.com<\/p>\n","protected":false},"excerpt":{"rendered":"<p>Quand nous avons eu notre premier Cobberdog Australien je suis tout de suite tomb\u00e9e amoureuse de cette race. Ils apportent tellement de joie et de bonheur ! Tr\u00e8s gentils et proches de leurs ma\u00eetres, ils cherchent souvent votre regard. Ce sont d&#8217;excellents chiens de famille, joueurs \u00e0 l&#8217;ext\u00e9rieur, calmes et c\u00e2lins dans la maison. Ils [&hellip;]<\/p>\n","protected":false},"author":1,"featured_media":3799,"parent":0,"menu_order":0,"comment_status":"closed","ping_status":"closed","template":"","meta":{"footnotes":""},"_links":{"self":[{"href":"https:\/\/provencecobberdogs.fr\/index.php\/wp-json\/wp\/v2\/pages\/328"}],"collection":[{"href":"https:\/\/provencecobberdogs.fr\/index.php\/wp-json\/wp\/v2\/pages"}],"about":[{"href":"https:\/\/provencecobberdogs.fr\/index.php\/wp-json\/wp\/v2\/types\/page"}],"author":[{"embeddable":true,"href":"https:\/\/provencecobberdogs.fr\/index.php\/wp-json\/wp\/v2\/users\/1"}],"replies":[{"embeddable":true,"href":"https:\/\/provencecobberdogs.fr\/index.php\/wp-json\/wp\/v2\/comments?post=328"}],"version-history":[{"count":34,"href":"https:\/\/provencecobberdogs.fr\/index.php\/wp-json\/wp\/v2\/pages\/328\/revisions"}],"predecessor-version":[{"id":4613,"href":"https:\/\/provencecobberdogs.fr\/index.php\/wp-json\/wp\/v2\/pages\/328\/revisions\/4613"}],"wp:featuredmedia":[{"embeddable":true,"href":"https:\/\/provencecobberdogs.fr\/index.php\/wp-json\/wp\/v2\/media\/3799"}],"wp:attachment":[{"href":"https:\/\/provencecobberdogs.fr\/index.php\/wp-json\/wp\/v2\/media?parent=328"}],"curies":[{"name":"wp","href":"https:\/\/api.w.org\/{rel}","templated":true}]}}